{"id":78,"date":"2020-02-21T12:38:07","date_gmt":"2020-02-21T12:38:07","guid":{"rendered":"http:\/\/www.mntysalo.fi\/juho\/?page_id=78"},"modified":"2020-12-03T16:21:34","modified_gmt":"2020-12-03T16:21:34","slug":"olen-ehdolla-pirkanmaan-osuuskaupan-vaaleissa-2020","status":"publish","type":"page","link":"http:\/\/www.mntysalo.fi\/juho\/index.php\/olen-ehdolla-pirkanmaan-osuuskaupan-vaaleissa-2020\/","title":{"rendered":"Helmikuu 2020: Olen ehdolla Pirkanmaan osuuskaupan vaaleissa"},"content":{"rendered":"\n<div class=\"wp-block-image\"><figure class=\"alignleft size-large\"><img loading=\"lazy\" decoding=\"async\" width=\"165\" height=\"200\" src=\"http:\/\/www.mntysalo.fi\/juho\/wp-content\/uploads\/2020\/02\/image.png\" alt=\"\" class=\"wp-image-88\"\/><\/figure><\/div>\n\n\n\n<p>Olen Pirkanmaan osuuskaupan vaaleissa ehdolla &#8221;Meir\u00e4n osuuskaupan&#8221; listalla numerolla 320. Haluan kampanjassani tuoda esiin kehittyv\u00e4\u00e4 ja tietotekniikan huomioivaa l\u00e4hikauppaa ja miten POK voi omalta osaltaan vaikuttaa ilmastonmuutokseen.  Ajatuksiani aiheesta l\u00f6ytyy my\u00f6s blogistani aihetunnisteella <a href=\"http:\/\/mntysalo.fi\/blog\/index.php\/category\/pok\/\">POK<\/a>. Tietoa minusta itsest\u00e4ni kannattaa etsi\u00e4 <a href=\"http:\/\/www.mntysalo.fi\/etusivu\">etusivulta<\/a> l\u00e4htien.<\/p>\n\n\n\n<p>Viime vuosina POK on keskittynyt asutuskeskusten ulkopuolella oleviin Prismoihin kilpaillakseen paremmin Lidlin kanssa hinnoissa. Samalla l\u00e4hikaupat ovat j\u00e4\u00e4neet lapsipuolen asemaan: Tampereen keskusta-alueella niit\u00e4 on laskutavasta riippuen vain muutama. Prismojen halpuus on kuitenkin suhteellista, sill\u00e4 et\u00e4isten sijaintiensa vuoksi niiss\u00e4 k\u00e4yntiin tarvittava auto tai bussiliput nostavat suurempienkin ostosm\u00e4\u00e4rien kanssa kauppakassin hintaa merkitt\u00e4v\u00e4sti.  Halvin kauppa ei ole halvin, jos se ei ole my\u00f6s l\u00e4hin.  T\u00e4m\u00e4 kaikki aikana, jolloin niin valtio kuin Tampereen kaupunkikin pyrkii v\u00e4hent\u00e4m\u00e4\u00e4n autoilun m\u00e4\u00e4r\u00e4\u00e4, todenn\u00e4k\u00f6isesti niin kaupunkisuunnittelun kuin verotuksenkin kautta, jolloin auton omistaminen muuttuu yh\u00e4 kalliimmaksi.<\/p>\n\n\n\n<p>Toinen t\u00e4rke\u00e4 kysymys on verkkokaupan asema. Tavaraa on yh\u00e4 helpompi tilata verkosta, mutta siihen se helppous usein j\u00e4\u00e4kin. Toimitusajat ovat pitki\u00e4, postimaksuista ja tulleista tulee ylim\u00e4\u00e4r\u00e4isi\u00e4 kuluja ja palautusoikeudeton tavara hajoaa nopeasti k\u00e4siin.  Lis\u00e4ksi &#8221;halpa&#8221; hinta on usein hankittu luontoa edesvastuuttomasti tuhoamalla, ty\u00f6ntekij\u00f6iden oikeuksia polkemalla ja EU:n turvallisuusstandardit unohtamalla. <\/p>\n\n\n\n<div class=\"wp-block-image\"><figure class=\"alignright size-large is-resized\"><img loading=\"lazy\" decoding=\"async\" src=\"http:\/\/www.mntysalo.fi\/juho\/wp-content\/uploads\/2020\/02\/image-2-e1582384370901.png\" alt=\"\" class=\"wp-image-99\" width=\"208\" height=\"392\" srcset=\"http:\/\/www.mntysalo.fi\/juho\/wp-content\/uploads\/2020\/02\/image-2-e1582384370901.png 310w, http:\/\/www.mntysalo.fi\/juho\/wp-content\/uploads\/2020\/02\/image-2-e1582384370901-159x300.png 159w\" sizes=\"auto, (max-width: 208px) 100vw, 208px\" \/><figcaption>Vaalikoneen profiilista.<\/figcaption><\/figure><\/div>\n\n\n\n<p>Ratkaisu molempiin ongelmiin on ajassaan kehittyv\u00e4 l\u00e4hikauppa. Haluaisin kehitt\u00e4\u00e4 l\u00e4hikauppaa paitsi viihtyvyyden suhteen, niin my\u00f6s ratkaisuna verkon kautta tulevaan maailmanlaajuiseen kilpailuun. Samalla my\u00f6s l\u00e4hikauppojen asema paranisi my\u00f6s pienemmiss\u00e4 asutuskeskuksissa. Esimerkkin\u00e4 ensim\u00e4isest\u00e4 askeleesta tulevaisuuden l\u00e4hikauppaa kohti on Helsingin osuuskauppa Elannon ty\u00f6 Alepan (os. Sale) kanssa: kauppojen viihtyvyytt\u00e4 on kehitetty, &#8221;<a href=\"http:\/\/www.alepakorttelitoive.fi\/\">korttelitoiveet<\/a>&#8221; huomioivat paremmin asiakkaiden alueelliset tarpeet, ja <a href=\"https:\/\/www.foodie.fi\/alepa\">netist\u00e4 voi tehd\u00e4 my\u00f6s yksil\u00f6llisempi\u00e4 ruokatilauksia<\/a> l\u00e4hikaupasta haettavaksi (Pirkanmaalla t\u00e4m\u00e4 onnistuu vain Koivistonkyl\u00e4n Prismasta). L\u00e4hikauppaan panostus olisi kuitenkin mahdollista my\u00f6s Tampereella. Voimme my\u00f6s menn\u00e4 askelta Helsinki\u00e4 pidemm\u00e4lle ja pyyt\u00e4\u00e4 Saleen toimitettavaksi tuotteita Suomen osuuskaupan valikoimasta laajemminkin: vaatteita ja elektroniikkaa. N\u00e4in l\u00e4hikauppa voisi kilpailla paremmin koko maailman kanssa ja kaikenlis\u00e4ksi tuotteilla olisi my\u00f6s vaihto- ja palautusoikeus.  <\/p>\n\n\n\n<p>Haluan olla mukana kehitt\u00e4m\u00e4ss\u00e4 sit\u00e4 l\u00e4hikauppaa, jossa haluan itse asioida:  kotoisaa pikkukauppaa, jonne verkon kautta voidaan toimittaa Prisman koko valikoima.  Ajatuksista enemm\u00e4n <a href=\"http:\/\/mntysalo.fi\/blog\/index.php\/category\/pok\/\">blogissa<\/a>.<\/p>\n","protected":false},"excerpt":{"rendered":"<p>Olen Pirkanmaan osuuskaupan vaaleissa ehdolla &#8221;Meir\u00e4n osuuskaupan&#8221; listalla numerolla 320. Haluan kampanjassani tuoda esiin kehittyv\u00e4\u00e4 ja tietotekniikan huomioivaa l\u00e4hikauppaa ja miten POK voi omalta osaltaan vaikuttaa ilmastonmuutokseen. Ajatuksiani aiheesta l\u00f6ytyy my\u00f6s blogistani aihetunnisteella POK. Tietoa minusta itsest\u00e4ni kannattaa etsi\u00e4 etusivulta l\u00e4htien. Viime vuosina POK on keskittynyt asutuskeskusten ulkopuolella oleviin Prismoihin kilpaillakseen paremmin Lidlin kanssa hinnoissa. &hellip; <\/p>\n<p class=\"link-more\"><a href=\"http:\/\/www.mntysalo.fi\/juho\/index.php\/olen-ehdolla-pirkanmaan-osuuskaupan-vaaleissa-2020\/\" class=\"more-link\">Jatka lukemista<span class=\"screen-reader-text\"> &#8221;Helmikuu 2020: Olen ehdolla Pirkanmaan osuuskaupan vaaleissa&#8221;<\/span><\/a><\/p>\n","protected":false},"author":1,"featured_media":0,"parent":0,"menu_order":0,"comment_status":"closed","ping_status":"closed","template":"","meta":{"footnotes":""},"class_list":["post-78","page","type-page","status-publish","hentry"],"_links":{"self":[{"href":"http:\/\/www.mntysalo.fi\/juho\/index.php\/wp-json\/wp\/v2\/pages\/78","targetHints":{"allow":["GET"]}}],"collection":[{"href":"http:\/\/www.mntysalo.fi\/juho\/index.php\/wp-json\/wp\/v2\/pages"}],"about":[{"href":"http:\/\/www.mntysalo.fi\/juho\/index.php\/wp-json\/wp\/v2\/types\/page"}],"author":[{"embeddable":true,"href":"http:\/\/www.mntysalo.fi\/juho\/index.php\/wp-json\/wp\/v2\/users\/1"}],"replies":[{"embeddable":true,"href":"http:\/\/www.mntysalo.fi\/juho\/index.php\/wp-json\/wp\/v2\/comments?post=78"}],"version-history":[{"count":13,"href":"http:\/\/www.mntysalo.fi\/juho\/index.php\/wp-json\/wp\/v2\/pages\/78\/revisions"}],"predecessor-version":[{"id":180,"href":"http:\/\/www.mntysalo.fi\/juho\/index.php\/wp-json\/wp\/v2\/pages\/78\/revisions\/180"}],"wp:attachment":[{"href":"http:\/\/www.mntysalo.fi\/juho\/index.php\/wp-json\/wp\/v2\/media?parent=78"}],"curies":[{"name":"wp","href":"https:\/\/api.w.org\/{rel}","templated":true}]}}