{"id":2,"date":"2019-06-05T11:39:57","date_gmt":"2019-06-05T11:39:57","guid":{"rendered":"http:\/\/www.mntysalo.fi\/juho\/?page_id=2"},"modified":"2020-11-21T13:30:15","modified_gmt":"2020-11-21T13:30:15","slug":"sample-page","status":"publish","type":"page","link":"http:\/\/www.mntysalo.fi\/juho\/index.php\/sample-page\/","title":{"rendered":""},"content":{"rendered":"\n<p class=\"has-text-align-center\">El\u00e4m\u00e4 jakautuu lukuihin: projekteihin, teht\u00e4viin, kulloinkin p\u00e4\u00e4llimm\u00e4isin\u00e4 oleviin asioihin. Uusimmat tekstit ylinn\u00e4, vanhemmat alempana. Yleisemp\u00e4\u00e4 tietoa minusta <a href=\"http:\/\/mntysalo.fi\/etusivu\">etusivulla<\/a>, yksityiskohtaisempia ajatuksia <a href=\"http:\/\/www.mntysalo.fi\/blog\">blogissa<\/a>, p\u00e4iv\u00e4n kuulumisia <a href=\"https:\/\/twitter.com\/mntysalo\">twitteriss\u00e4<\/a>.<\/p>\n","protected":false},"excerpt":{"rendered":"<p>El\u00e4m\u00e4 jakautuu lukuihin: projekteihin, teht\u00e4viin, kulloinkin p\u00e4\u00e4llimm\u00e4isin\u00e4 oleviin asioihin. Uusimmat tekstit ylinn\u00e4, vanhemmat alempana. Yleisemp\u00e4\u00e4 tietoa minusta etusivulla, yksityiskohtaisempia ajatuksia blogissa, p\u00e4iv\u00e4n kuulumisia twitteriss\u00e4.<\/p>\n","protected":false},"author":1,"featured_media":55,"parent":0,"menu_order":0,"comment_status":"closed","ping_status":"open","template":"","meta":{"footnotes":""},"class_list":["post-2","page","type-page","status-publish","has-post-thumbnail","hentry"],"_links":{"self":[{"href":"http:\/\/www.mntysalo.fi\/juho\/index.php\/wp-json\/wp\/v2\/pages\/2","targetHints":{"allow":["GET"]}}],"collection":[{"href":"http:\/\/www.mntysalo.fi\/juho\/index.php\/wp-json\/wp\/v2\/pages"}],"about":[{"href":"http:\/\/www.mntysalo.fi\/juho\/index.php\/wp-json\/wp\/v2\/types\/page"}],"author":[{"embeddable":true,"href":"http:\/\/www.mntysalo.fi\/juho\/index.php\/wp-json\/wp\/v2\/users\/1"}],"replies":[{"embeddable":true,"href":"http:\/\/www.mntysalo.fi\/juho\/index.php\/wp-json\/wp\/v2\/comments?post=2"}],"version-history":[{"count":8,"href":"http:\/\/www.mntysalo.fi\/juho\/index.php\/wp-json\/wp\/v2\/pages\/2\/revisions"}],"predecessor-version":[{"id":157,"href":"http:\/\/www.mntysalo.fi\/juho\/index.php\/wp-json\/wp\/v2\/pages\/2\/revisions\/157"}],"wp:featuredmedia":[{"embeddable":true,"href":"http:\/\/www.mntysalo.fi\/juho\/index.php\/wp-json\/wp\/v2\/media\/55"}],"wp:attachment":[{"href":"http:\/\/www.mntysalo.fi\/juho\/index.php\/wp-json\/wp\/v2\/media?parent=2"}],"curies":[{"name":"wp","href":"https:\/\/api.w.org\/{rel}","templated":true}]}}