{"id":158,"date":"2020-11-23T17:25:00","date_gmt":"2020-11-23T17:25:00","guid":{"rendered":"http:\/\/www.mntysalo.fi\/juho\/?page_id=158"},"modified":"2020-12-03T16:21:16","modified_gmt":"2020-12-03T16:21:16","slug":"kuka","status":"publish","type":"page","link":"http:\/\/www.mntysalo.fi\/juho\/index.php\/kuka\/","title":{"rendered":"Marraskuu 2020: Kuka Juho?"},"content":{"rendered":"\n<figure class=\"wp-block-image size-large\"><img loading=\"lazy\" decoding=\"async\" width=\"897\" height=\"581\" src=\"http:\/\/www.mntysalo.fi\/juho\/wp-content\/uploads\/2020\/11\/image.png\" alt=\"\" class=\"wp-image-159\" srcset=\"http:\/\/www.mntysalo.fi\/juho\/wp-content\/uploads\/2020\/11\/image.png 897w, http:\/\/www.mntysalo.fi\/juho\/wp-content\/uploads\/2020\/11\/image-300x194.png 300w, http:\/\/www.mntysalo.fi\/juho\/wp-content\/uploads\/2020\/11\/image-768x497.png 768w\" sizes=\"auto, (max-width: 767px) 89vw, (max-width: 1000px) 54vw, (max-width: 1071px) 543px, 580px\" \/><\/figure>\n\n\n\n<p><em>Twitteri\u00e4 pidempi profiili.<\/em><\/p>\n\n\n\n<p>Lapsuus ja varhaisnuoruus meni vanhempien matkalaukkuna is\u00e4n ty\u00f6n per\u00e4ss\u00e4 ulkomaita my\u00f6ten, mutta muuten varhaisnuoruuteni oli melko tavallista Y-sukupolven oireilua nyt jo kolmannen &#8221;kerran vuosisadassa&#8221; talouskriisin keskell\u00e4. Omalla kohdalla ty\u00f6el\u00e4m\u00e4 laman ja taantuman v\u00e4limaastossa on tarkoittanut m\u00e4\u00e4r\u00e4aikaisten ty\u00f6suhteiden ketjua: olen ty\u00f6skennellyt ensimm\u00e4isten opintojeni aikana ja niiden j\u00e4lkeen mm. tutkimusavustajana, varastomiehen\u00e4, nuorisopsykiatrian osastosihteerin\u00e4,  myyntivastaavana ja tiedotussihteerin\u00e4.  T\u00f6iden ohessa harrastin sarjakuvia ja spefi\u00e4, ollen useampana vuonna j\u00e4rjest\u00e4m\u00e4ss\u00e4 Helsingin sarjakuvafestivaaleja, gofferina Finnoconeissa ja muutamaan otteeseen my\u00f6s Suomen sarjakuvaseuran hallituksessa. <\/p>\n\n\n\n<p>Aina el\u00e4m\u00e4 ei ole mennyt mutkattomasti. Minulta j\u00e4i muun muassa ruotsin kertauskurssi kansalaisopistolla kesken, kun ty\u00f6paikan vaihtumisen vuoksi &#8221;helposti saavutettava&#8221; luokkatila olikin yht&#8217;\u00e4kki\u00e4 kymmeni\u00e4 kilometrej\u00e4 pois ty\u00f6matkani varrelta.  Kesken j\u00e4i my\u00f6s croquis-piirrustus, puhumattakaan kaikista harrastuksista joita en sitoutumisen vuoksi uskaltanut edes aloittaa. <\/p>\n\n\n\n<p>Lopulta p\u00e4\u00e4tin haluavani el\u00e4m\u00e4\u00e4ni lis\u00e4\u00e4 ennustettavuutta. Hain ja p\u00e4\u00e4sin yliopistolle opiskelemaan sosiologiaa, mist\u00e4 valmistuin sopivasti n\u00e4kem\u00e4\u00e4n kuinka COVID-19 aloitti matkansa ulkomaanuutisten per\u00e4lt\u00e4 kohti etusivua. Kaiken keskell\u00e4 olen nyt ty\u00f6llistynyt valtiolle (tietenkin m\u00e4\u00e4r\u00e4aikaisena). Uusien teht\u00e4vien opettelun ohessa olen vapaa-aikanani lukenut itselleni historian aineopettajan p\u00e4tevyytt\u00e4 jo &#8221;ilmaisn\u00e4ytteen\u00e4&#8221; tulleen yhteiskuntaopin aineopettajan p\u00e4tevyyden seuraksi.  <\/p>\n\n\n\n<p>T\u00e4n\u00e4 p\u00e4iv\u00e4n\u00e4 uskaltaisin sanoa ett\u00e4 minulla on vahvaa teoreettista ja k\u00e4yt\u00e4nn\u00f6n asiantuntemusta ty\u00f6el\u00e4m\u00e4st\u00e4 sek\u00e4 julkishallinnon toiminnasta, mink\u00e4 lis\u00e4ksi v\u00e4itt\u00e4isin tiet\u00e4v\u00e4ni &#8221;jotain&#8221; taloustieteest\u00e4, historiasta, sukupuolentutkimuksesta, kasvatustieteist\u00e4, kaupunkisuunnittelusta,  kirjanpidosta, kulttuurieroista, taitosta, logistiikasta ja 1900-luvun populaarikulttuurista.<\/p>\n","protected":false},"excerpt":{"rendered":"<p>Twitteri\u00e4 pidempi profiili. Lapsuus ja varhaisnuoruus meni vanhempien matkalaukkuna is\u00e4n ty\u00f6n per\u00e4ss\u00e4 ulkomaita my\u00f6ten, mutta muuten varhaisnuoruuteni oli melko tavallista Y-sukupolven oireilua nyt jo kolmannen &#8221;kerran vuosisadassa&#8221; talouskriisin keskell\u00e4. Omalla kohdalla ty\u00f6el\u00e4m\u00e4 laman ja taantuman v\u00e4limaastossa on tarkoittanut m\u00e4\u00e4r\u00e4aikaisten ty\u00f6suhteiden ketjua: olen ty\u00f6skennellyt ensimm\u00e4isten opintojeni aikana ja niiden j\u00e4lkeen mm. tutkimusavustajana, varastomiehen\u00e4, nuorisopsykiatrian osastosihteerin\u00e4, myyntivastaavana &hellip; <\/p>\n<p class=\"link-more\"><a href=\"http:\/\/www.mntysalo.fi\/juho\/index.php\/kuka\/\" class=\"more-link\">Jatka lukemista<span class=\"screen-reader-text\"> &#8221;Marraskuu 2020: Kuka Juho?&#8221;<\/span><\/a><\/p>\n","protected":false},"author":1,"featured_media":0,"parent":0,"menu_order":0,"comment_status":"closed","ping_status":"closed","template":"","meta":{"footnotes":""},"class_list":["post-158","page","type-page","status-publish","hentry"],"_links":{"self":[{"href":"http:\/\/www.mntysalo.fi\/juho\/index.php\/wp-json\/wp\/v2\/pages\/158","targetHints":{"allow":["GET"]}}],"collection":[{"href":"http:\/\/www.mntysalo.fi\/juho\/index.php\/wp-json\/wp\/v2\/pages"}],"about":[{"href":"http:\/\/www.mntysalo.fi\/juho\/index.php\/wp-json\/wp\/v2\/types\/page"}],"author":[{"embeddable":true,"href":"http:\/\/www.mntysalo.fi\/juho\/index.php\/wp-json\/wp\/v2\/users\/1"}],"replies":[{"embeddable":true,"href":"http:\/\/www.mntysalo.fi\/juho\/index.php\/wp-json\/wp\/v2\/comments?post=158"}],"version-history":[{"count":8,"href":"http:\/\/www.mntysalo.fi\/juho\/index.php\/wp-json\/wp\/v2\/pages\/158\/revisions"}],"predecessor-version":[{"id":185,"href":"http:\/\/www.mntysalo.fi\/juho\/index.php\/wp-json\/wp\/v2\/pages\/158\/revisions\/185"}],"wp:attachment":[{"href":"http:\/\/www.mntysalo.fi\/juho\/index.php\/wp-json\/wp\/v2\/media?parent=158"}],"curies":[{"name":"wp","href":"https:\/\/api.w.org\/{rel}","templated":true}]}}